{"id":219,"date":"2020-05-12T03:43:04","date_gmt":"2020-05-12T08:43:04","guid":{"rendered":"https:\/\/www.ecoworldbuilding.com\/services\/"},"modified":"2022-07-25T11:43:33","modified_gmt":"2022-07-25T16:43:33","slug":"servicios","status":"publish","type":"page","link":"https:\/\/www.ecoworldbuilding.com\/en\/servicios\/","title":{"rendered":"Services"},"content":{"rendered":"<div class=\"wp-block-cover alignfull is-light has-parallax\" style=\"background-image:url(https:\/\/www.ecoworldbuilding.com\/wp-content\/uploads\/2022\/03\/pared2-scaled.jpg);min-height:380px;aspect-ratio:unset;\"><span aria-hidden=\"true\" class=\"wp-block-cover__gradient-background has-background-dim\" style=\"background-color:#003e61\"><\/span><div class=\"wp-block-cover__inner-container is-layout-flow wp-block-cover-is-layout-flow\">\n<h1 class=\"has-text-align-center has-white-color has-text-color wp-block-heading\">Services<\/h1>\n<\/div><\/div>\n\n\n\n<div class=\"inherit-container-width wp-block-group alignfull has-ast-global-color-5-background-color has-background is-layout-constrained wp-block-group-is-layout-constrained\"><div class=\"wp-block-group__inner-container\">\n<div class=\"wp-block-media-text alignwide has-media-on-the-right is-stacked-on-mobile\"><figure class=\"wp-block-media-text__media\"><img loading=\"lazy\" decoding=\"async\" width=\"1024\" height=\"768\" src=\"https:\/\/www.ecoworldbuilding.com\/wp-content\/uploads\/2022\/03\/Aves-001.jpg\" alt=\"\" class=\"wp-image-806 size-full\" srcset=\"https:\/\/www.ecoworldbuilding.com\/wp-content\/uploads\/2022\/03\/Aves-001.jpg 1024w, https:\/\/www.ecoworldbuilding.com\/wp-content\/uploads\/2022\/03\/Aves-001-300x225.jpg 300w, https:\/\/www.ecoworldbuilding.com\/wp-content\/uploads\/2022\/03\/Aves-001-768x576.jpg 768w\" sizes=\"auto, (max-width: 1024px) 100vw, 1024px\" \/><\/figure><div class=\"wp-block-media-text__content\">\n<h2 class=\"wp-block-heading\" style=\"text-transform:capitalize\">Construction &amp; Design<\/h2>\n\n\n\n<p>Our construction team will accompany you throughout the process of your project, whether residential or commercial. We can develop unitary or urbanization projects. In addition, we have a team of architects who will help you design your project. If you want to start a project with us, or are just interested in our sustainable designs, you can ask for help from an expert focused on EWB\u00ae technology.<\/p>\n<\/div><\/div>\n<\/div><\/div>\n\n\n\n<div class=\"wp-block-cover alignfull\"><span aria-hidden=\"true\" class=\"has-ast-global-color-4-background-color has-background-dim-100 wp-block-cover__gradient-background has-background-dim\"><\/span><div class=\"wp-block-cover__inner-container is-layout-flow wp-block-cover-is-layout-flow\">\n<div class=\"wp-block-media-text alignwide is-stacked-on-mobile\"><figure class=\"wp-block-media-text__media\"><img loading=\"lazy\" decoding=\"async\" width=\"956\" height=\"637\" src=\"https:\/\/www.ecoworldbuilding.com\/wp-content\/uploads\/2022\/04\/pruebaplantilla.png\" alt=\"\" class=\"wp-image-994 size-full\" srcset=\"https:\/\/www.ecoworldbuilding.com\/wp-content\/uploads\/2022\/04\/pruebaplantilla.png 956w, https:\/\/www.ecoworldbuilding.com\/wp-content\/uploads\/2022\/04\/pruebaplantilla-300x200.png 300w, https:\/\/www.ecoworldbuilding.com\/wp-content\/uploads\/2022\/04\/pruebaplantilla-768x512.png 768w, https:\/\/www.ecoworldbuilding.com\/wp-content\/uploads\/2022\/04\/pruebaplantilla-18x12.png 18w\" sizes=\"auto, (max-width: 956px) 100vw, 956px\" \/><\/figure><div class=\"wp-block-media-text__content\">\n<h2 class=\"has-ast-global-color-2-color has-text-color wp-block-heading\" style=\"text-transform:capitalize\">Technological Partners<\/h2>\n\n\n\n<p class=\"has-ast-global-color-3-color has-text-color\">Contact us if you want to be an EWB\u00ae member and take our technology to any part of the world. It is necessary that our partners have the necessary equipment and logistics of construction, this to be able to implement our technological processes correctly.<\/p>\n\n\n\n<p class=\"has-ast-global-color-3-color has-text-color\">It is important to verify that your projects are outside the EWB areas for greater alliance feasibility. If you are related to the construction industry, and you are interested in forming synergy with us and our technology, please schedule an appointment by clicking the button below.<\/p>\n<\/div><\/div>\n<\/div><\/div>\n\n\n\n<div class=\"inherit-container-width wp-block-group alignfull has-ast-global-color-5-background-color has-background is-layout-constrained wp-block-group-is-layout-constrained\"><div class=\"wp-block-group__inner-container\">\n<div class=\"wp-block-media-text alignwide has-media-on-the-right is-stacked-on-mobile\"><figure class=\"wp-block-media-text__media\"><img loading=\"lazy\" decoding=\"async\" width=\"960\" height=\"960\" src=\"https:\/\/www.ecoworldbuilding.com\/wp-content\/uploads\/2022\/03\/CARRUSEL3.jpg\" alt=\"\" class=\"wp-image-809 size-full\" srcset=\"https:\/\/www.ecoworldbuilding.com\/wp-content\/uploads\/2022\/03\/CARRUSEL3.jpg 960w, https:\/\/www.ecoworldbuilding.com\/wp-content\/uploads\/2022\/03\/CARRUSEL3-300x300.jpg 300w, https:\/\/www.ecoworldbuilding.com\/wp-content\/uploads\/2022\/03\/CARRUSEL3-150x150.jpg 150w, https:\/\/www.ecoworldbuilding.com\/wp-content\/uploads\/2022\/03\/CARRUSEL3-768x768.jpg 768w\" sizes=\"auto, (max-width: 960px) 100vw, 960px\" \/><\/figure><div class=\"wp-block-media-text__content\">\n<h2 class=\"wp-block-heading\" style=\"text-transform:capitalize\">House sale<\/h2>\n\n\n\n<p>Eco World Building puts on sale homes developed by ourselves, which have our technology and have been built in different residential within the Mexican country.<\/p>\n<\/div><\/div>\n<\/div><\/div>\n\n\n\n<div class=\"wp-block-cover alignfull\"><span aria-hidden=\"true\" class=\"has-ast-global-color-4-background-color has-background-dim-100 wp-block-cover__gradient-background has-background-dim\"><\/span><div class=\"wp-block-cover__inner-container is-layout-flow wp-block-cover-is-layout-flow\">\n<div class=\"wp-block-media-text alignwide is-stacked-on-mobile\"><figure class=\"wp-block-media-text__media\"><img loading=\"lazy\" decoding=\"async\" width=\"840\" height=\"560\" src=\"https:\/\/www.ecoworldbuilding.com\/wp-content\/uploads\/2022\/03\/beautiful-alternative-energy-plant-with-solar-panels.jpg\" alt=\"Dise\u00f1ado por Freepik\" class=\"wp-image-903 size-full\" srcset=\"https:\/\/www.ecoworldbuilding.com\/wp-content\/uploads\/2022\/03\/beautiful-alternative-energy-plant-with-solar-panels.jpg 840w, https:\/\/www.ecoworldbuilding.com\/wp-content\/uploads\/2022\/03\/beautiful-alternative-energy-plant-with-solar-panels-300x200.jpg 300w, https:\/\/www.ecoworldbuilding.com\/wp-content\/uploads\/2022\/03\/beautiful-alternative-energy-plant-with-solar-panels-768x512.jpg 768w, https:\/\/www.ecoworldbuilding.com\/wp-content\/uploads\/2022\/03\/beautiful-alternative-energy-plant-with-solar-panels-18x12.jpg 18w\" sizes=\"auto, (max-width: 840px) 100vw, 840px\" \/><\/figure><div class=\"wp-block-media-text__content\">\n<h2 class=\"has-ast-global-color-2-color has-text-color wp-block-heading\" style=\"text-transform:capitalize\">Alternate energies<\/h2>\n\n\n\n<p class=\"has-ast-global-color-3-color has-text-color\">We have alternative energy accessories, such as solar panels, irrigation systems and water filtration. These technologies are optional in our construction methods, so you should request them when you start the project.<\/p>\n\n\n\n<p class=\"has-ast-global-color-3-color has-text-color\">*<em>Eco World Building is not a manufacturer of alternative energy products.<\/em><\/p>\n<\/div><\/div>\n<\/div><\/div>\n\n\n\n<div class=\"wp-block-cover alignfull is-light\"><span aria-hidden=\"true\" class=\"has-white-background-color has-background-dim-100 wp-block-cover__gradient-background has-background-dim\"><\/span><div class=\"wp-block-cover__inner-container is-layout-flow wp-block-cover-is-layout-flow\">\n<div class=\"wp-block-media-text alignwide has-media-on-the-right is-stacked-on-mobile\"><figure class=\"wp-block-media-text__media\"><img loading=\"lazy\" decoding=\"async\" width=\"840\" height=\"560\" src=\"https:\/\/www.ecoworldbuilding.com\/wp-content\/uploads\/2022\/03\/asesoria.jpg\" alt=\"\" class=\"wp-image-914 size-full\" srcset=\"https:\/\/www.ecoworldbuilding.com\/wp-content\/uploads\/2022\/03\/asesoria.jpg 840w, https:\/\/www.ecoworldbuilding.com\/wp-content\/uploads\/2022\/03\/asesoria-300x200.jpg 300w, https:\/\/www.ecoworldbuilding.com\/wp-content\/uploads\/2022\/03\/asesoria-768x512.jpg 768w, https:\/\/www.ecoworldbuilding.com\/wp-content\/uploads\/2022\/03\/asesoria-18x12.jpg 18w\" sizes=\"auto, (max-width: 840px) 100vw, 840px\" \/><\/figure><div class=\"wp-block-media-text__content\">\n<h2 class=\"has-ast-global-color-2-color has-text-color wp-block-heading\" style=\"text-transform:capitalize\">Training and advice<\/h2>\n\n\n\n<p>We train entire fleets to build with EWB technology. In case you need training to carry out your project, contact us to clarify legal issues for the use of our patented processes. It is important that you verify that your project is within one of the areas covered by EWB. Do not forget to request more information about training in the button below.<\/p>\n\n\n\n<p class=\"has-ast-global-color-3-color has-text-color\">Our work team will take you through the construction process step by step. We go to where your project is, we measure and estimate costs and development time. We make sure to advise you to regard our technology, processes and others. Our consultation visits are free of charge; you can schedule a visit if you are within an EWB zone. Otherwise, we can schedule an appointment by video call.<\/p>\n<\/div><\/div>\n\n\n\n<div style=\"height:35px\" aria-hidden=\"true\" class=\"wp-block-spacer\"><\/div>\n\n\n\n<div class=\"wp-block-buttons is-content-justification-center is-layout-flex wp-container-core-buttons-is-layout-a89b3969 wp-block-buttons-is-layout-flex\">\n<div class=\"wp-block-button is-style-fill\"><a class=\"wp-block-button__link has-ast-global-color-5-color has-text-color\" href=\"https:\/\/www.ecoworldbuilding.com\/en\/contacto\/\" rel=\"#\">Contact us<\/a><\/div>\n<\/div>\n<\/div><\/div>\n\n\n\n<p class=\"has-small-font-size\">*Algunas im\u00e1genes dise\u00f1adas por Freepik.<\/p>","protected":false},"excerpt":{"rendered":"<p>Construcci\u00f3n &amp; dise\u00f1o Nuestro equipo de construcci\u00f3n te acompa\u00f1ar\u00e1 durante todo el proceso de tu proyecto, ya sea residencial o comercial. Podemos desarrollar proyectos unitarios o de urbanizaci\u00f3n. Adem\u00e1s, contamos con un equipo de arquitectos que te ayudar\u00e1n a dise\u00f1ar tu proyecto. Si deseas iniciar un proyecto con nosotros, o tan solo te interesan nuestros [&hellip;]<\/p>\n","protected":false},"author":1,"featured_media":0,"parent":0,"menu_order":0,"comment_status":"closed","ping_status":"closed","template":"","meta":{"_uag_custom_page_level_css":"","site-sidebar-layout":"no-sidebar","site-content-layout":"plain-container","ast-site-content-layout":"default","site-content-style":"default","site-sidebar-style":"default","ast-global-header-display":"","ast-banner-title-visibility":"","ast-main-header-display":"","ast-hfb-above-header-display":"","ast-hfb-below-header-display":"","ast-hfb-mobile-header-display":"","site-post-title":"disabled","ast-breadcrumbs-content":"","ast-featured-img":"disabled","footer-sml-layout":"","ast-disable-related-posts":"","theme-transparent-header-meta":"enabled","adv-header-id-meta":"","stick-header-meta":"","header-above-stick-meta":"","header-main-stick-meta":"","header-below-stick-meta":"","astra-migrate-meta-layouts":"default","ast-page-background-enabled":"default","ast-page-background-meta":{"desktop":{"background-color":"","background-image":"","background-repeat":"repeat","background-position":"center center","background-size":"auto","background-attachment":"scroll","background-type":"","background-media":"","overlay-type":"","overlay-color":"","overlay-opacity":"","overlay-gradient":""},"tablet":{"background-color":"","background-image":"","background-repeat":"repeat","background-position":"center center","background-size":"auto","background-attachment":"scroll","background-type":"","background-media":"","overlay-type":"","overlay-color":"","overlay-opacity":"","overlay-gradient":""},"mobile":{"background-color":"","background-image":"","background-repeat":"repeat","background-position":"center center","background-size":"auto","background-attachment":"scroll","background-type":"","background-media":"","overlay-type":"","overlay-color":"","overlay-opacity":"","overlay-gradient":""}},"ast-content-background-meta":{"desktop":{"background-color":"var(--ast-global-color-5)","background-image":"","background-repeat":"repeat","background-position":"center center","background-size":"auto","background-attachment":"scroll","background-type":"","background-media":"","overlay-type":"","overlay-color":"","overlay-opacity":"","overlay-gradient":""},"tablet":{"background-color":"var(--ast-global-color-5)","background-image":"","background-repeat":"repeat","background-position":"center center","background-size":"auto","background-attachment":"scroll","background-type":"","background-media":"","overlay-type":"","overlay-color":"","overlay-opacity":"","overlay-gradient":""},"mobile":{"background-color":"var(--ast-global-color-5)","background-image":"","background-repeat":"repeat","background-position":"center center","background-size":"auto","background-attachment":"scroll","background-type":"","background-media":"","overlay-type":"","overlay-color":"","overlay-opacity":"","overlay-gradient":""}},"footnotes":""},"class_list":["post-219","page","type-page","status-publish","hentry"],"yoast_head":"<!-- This site is optimized with the Yoast SEO plugin v27.4 - https:\/\/yoast.com\/product\/yoast-seo-wordpress\/ -->\n<title>Servicios | Eco World Building<\/title>\n<meta name=\"description\" content=\"Capacitaci\u00f3n &amp; asesor\u00eda: Capacitamos flotillas completas para construir con tecnolog\u00eda EWB. En caso de que necesites capacitaci\u00f3n para la realizaci\u00f3n de tu proyecto, dir\u00edgete con nosotros para aclarar temas legales por uso de nuestros procesos patentados. Conoce m\u00e1s sobre: Construcci\u00f3n &amp; dise\u00f1o, Socios tecnol\u00f3gicos, y Energ\u00edas alternas.\" \/>\n<meta name=\"robots\" content=\"index, follow, max-snippet:-1, max-image-preview:large, max-video-preview:-1\" \/>\n<link rel=\"canonical\" href=\"https:\/\/www.ecoworldbuilding.com\/en\/servicios\/\" \/>\n<meta property=\"og:locale\" content=\"en_US\" \/>\n<meta property=\"og:type\" content=\"article\" \/>\n<meta property=\"og:title\" content=\"Servicios | Eco World Building\" \/>\n<meta property=\"og:description\" content=\"Capacitaci\u00f3n &amp; asesor\u00eda: Capacitamos flotillas completas para construir con tecnolog\u00eda EWB. En caso de que necesites capacitaci\u00f3n para la realizaci\u00f3n de tu proyecto, dir\u00edgete con nosotros para aclarar temas legales por uso de nuestros procesos patentados. Conoce m\u00e1s sobre: Construcci\u00f3n &amp; dise\u00f1o, Socios tecnol\u00f3gicos, y Energ\u00edas alternas.\" \/>\n<meta property=\"og:url\" content=\"https:\/\/www.ecoworldbuilding.com\/en\/servicios\/\" \/>\n<meta property=\"og:site_name\" content=\"Eco World Building\" \/>\n<meta property=\"article:publisher\" content=\"https:\/\/www.facebook.com\/EcoWorldBuildingMX\" \/>\n<meta property=\"article:modified_time\" content=\"2022-07-25T16:43:33+00:00\" \/>\n<meta property=\"og:image\" content=\"https:\/\/www.ecoworldbuilding.com\/wp-content\/uploads\/2022\/03\/Aves-001.jpg\" \/>\n<meta name=\"twitter:card\" content=\"summary_large_image\" \/>\n<meta name=\"twitter:label1\" content=\"Est. reading time\" \/>\n\t<meta name=\"twitter:data1\" content=\"3 minutes\" \/>\n<script type=\"application\/ld+json\" class=\"yoast-schema-graph\">{\"@context\":\"https:\\\/\\\/schema.org\",\"@graph\":[{\"@type\":\"WebPage\",\"@id\":\"https:\\\/\\\/www.ecoworldbuilding.com\\\/servicios\\\/\",\"url\":\"https:\\\/\\\/www.ecoworldbuilding.com\\\/servicios\\\/\",\"name\":\"Servicios | Eco World Building\",\"isPartOf\":{\"@id\":\"https:\\\/\\\/www.ecoworldbuilding.com\\\/#website\"},\"primaryImageOfPage\":{\"@id\":\"https:\\\/\\\/www.ecoworldbuilding.com\\\/servicios\\\/#primaryimage\"},\"image\":{\"@id\":\"https:\\\/\\\/www.ecoworldbuilding.com\\\/servicios\\\/#primaryimage\"},\"thumbnailUrl\":\"https:\\\/\\\/www.ecoworldbuilding.com\\\/wp-content\\\/uploads\\\/2022\\\/03\\\/Aves-001.jpg\",\"datePublished\":\"2020-05-12T08:43:04+00:00\",\"dateModified\":\"2022-07-25T16:43:33+00:00\",\"description\":\"Capacitaci\u00f3n & asesor\u00eda: Capacitamos flotillas completas para construir con tecnolog\u00eda EWB. En caso de que necesites capacitaci\u00f3n para la realizaci\u00f3n de tu proyecto, dir\u00edgete con nosotros para aclarar temas legales por uso de nuestros procesos patentados. Conoce m\u00e1s sobre: Construcci\u00f3n & dise\u00f1o, Socios tecnol\u00f3gicos, y Energ\u00edas alternas.\",\"breadcrumb\":{\"@id\":\"https:\\\/\\\/www.ecoworldbuilding.com\\\/servicios\\\/#breadcrumb\"},\"inLanguage\":\"en-US\",\"potentialAction\":[{\"@type\":\"ReadAction\",\"target\":[\"https:\\\/\\\/www.ecoworldbuilding.com\\\/servicios\\\/\"]}]},{\"@type\":\"ImageObject\",\"inLanguage\":\"en-US\",\"@id\":\"https:\\\/\\\/www.ecoworldbuilding.com\\\/servicios\\\/#primaryimage\",\"url\":\"https:\\\/\\\/www.ecoworldbuilding.com\\\/wp-content\\\/uploads\\\/2022\\\/03\\\/Aves-001.jpg\",\"contentUrl\":\"https:\\\/\\\/www.ecoworldbuilding.com\\\/wp-content\\\/uploads\\\/2022\\\/03\\\/Aves-001.jpg\"},{\"@type\":\"BreadcrumbList\",\"@id\":\"https:\\\/\\\/www.ecoworldbuilding.com\\\/servicios\\\/#breadcrumb\",\"itemListElement\":[{\"@type\":\"ListItem\",\"position\":1,\"name\":\"Portada\",\"item\":\"https:\\\/\\\/www.ecoworldbuilding.com\\\/\"},{\"@type\":\"ListItem\",\"position\":2,\"name\":\"Servicios\"}]},{\"@type\":\"WebSite\",\"@id\":\"https:\\\/\\\/www.ecoworldbuilding.com\\\/#website\",\"url\":\"https:\\\/\\\/www.ecoworldbuilding.com\\\/\",\"name\":\"Eco World Building\",\"description\":\"Tecnolog\u00eda Sustentable\",\"publisher\":{\"@id\":\"https:\\\/\\\/www.ecoworldbuilding.com\\\/#organization\"},\"potentialAction\":[{\"@type\":\"SearchAction\",\"target\":{\"@type\":\"EntryPoint\",\"urlTemplate\":\"https:\\\/\\\/www.ecoworldbuilding.com\\\/?s={search_term_string}\"},\"query-input\":{\"@type\":\"PropertyValueSpecification\",\"valueRequired\":true,\"valueName\":\"search_term_string\"}}],\"inLanguage\":\"en-US\"},{\"@type\":\"Organization\",\"@id\":\"https:\\\/\\\/www.ecoworldbuilding.com\\\/#organization\",\"name\":\"Eco World Building\",\"url\":\"https:\\\/\\\/www.ecoworldbuilding.com\\\/\",\"logo\":{\"@type\":\"ImageObject\",\"inLanguage\":\"en-US\",\"@id\":\"https:\\\/\\\/www.ecoworldbuilding.com\\\/#\\\/schema\\\/logo\\\/image\\\/\",\"url\":\"https:\\\/\\\/www.ecoworldbuilding.com\\\/wp-content\\\/uploads\\\/2022\\\/04\\\/FORMATO-REDES-SOCIALES-EWB-01.png\",\"contentUrl\":\"https:\\\/\\\/www.ecoworldbuilding.com\\\/wp-content\\\/uploads\\\/2022\\\/04\\\/FORMATO-REDES-SOCIALES-EWB-01.png\",\"width\":3125,\"height\":3125,\"caption\":\"Eco World Building\"},\"image\":{\"@id\":\"https:\\\/\\\/www.ecoworldbuilding.com\\\/#\\\/schema\\\/logo\\\/image\\\/\"},\"sameAs\":[\"https:\\\/\\\/www.facebook.com\\\/EcoWorldBuildingMX\",\"https:\\\/\\\/www.instagram.com\\\/ecoworldbuilding.mx\\\/\"]}]}<\/script>\n<!-- \/ Yoast SEO plugin. -->","yoast_head_json":{"title":"Servicios | Eco World Building","description":"Capacitaci\u00f3n & asesor\u00eda: Capacitamos flotillas completas para construir con tecnolog\u00eda EWB. En caso de que necesites capacitaci\u00f3n para la realizaci\u00f3n de tu proyecto, dir\u00edgete con nosotros para aclarar temas legales por uso de nuestros procesos patentados. Conoce m\u00e1s sobre: Construcci\u00f3n & dise\u00f1o, Socios tecnol\u00f3gicos, y Energ\u00edas alternas.","robots":{"index":"index","follow":"follow","max-snippet":"max-snippet:-1","max-image-preview":"max-image-preview:large","max-video-preview":"max-video-preview:-1"},"canonical":"https:\/\/www.ecoworldbuilding.com\/en\/servicios\/","og_locale":"en_US","og_type":"article","og_title":"Servicios | Eco World Building","og_description":"Capacitaci\u00f3n & asesor\u00eda: Capacitamos flotillas completas para construir con tecnolog\u00eda EWB. En caso de que necesites capacitaci\u00f3n para la realizaci\u00f3n de tu proyecto, dir\u00edgete con nosotros para aclarar temas legales por uso de nuestros procesos patentados. Conoce m\u00e1s sobre: Construcci\u00f3n & dise\u00f1o, Socios tecnol\u00f3gicos, y Energ\u00edas alternas.","og_url":"https:\/\/www.ecoworldbuilding.com\/en\/servicios\/","og_site_name":"Eco World Building","article_publisher":"https:\/\/www.facebook.com\/EcoWorldBuildingMX","article_modified_time":"2022-07-25T16:43:33+00:00","og_image":[{"url":"https:\/\/www.ecoworldbuilding.com\/wp-content\/uploads\/2022\/03\/Aves-001.jpg","type":"","width":"","height":""}],"twitter_card":"summary_large_image","twitter_misc":{"Est. reading time":"3 minutes"},"schema":{"@context":"https:\/\/schema.org","@graph":[{"@type":"WebPage","@id":"https:\/\/www.ecoworldbuilding.com\/servicios\/","url":"https:\/\/www.ecoworldbuilding.com\/servicios\/","name":"Servicios | Eco World Building","isPartOf":{"@id":"https:\/\/www.ecoworldbuilding.com\/#website"},"primaryImageOfPage":{"@id":"https:\/\/www.ecoworldbuilding.com\/servicios\/#primaryimage"},"image":{"@id":"https:\/\/www.ecoworldbuilding.com\/servicios\/#primaryimage"},"thumbnailUrl":"https:\/\/www.ecoworldbuilding.com\/wp-content\/uploads\/2022\/03\/Aves-001.jpg","datePublished":"2020-05-12T08:43:04+00:00","dateModified":"2022-07-25T16:43:33+00:00","description":"Capacitaci\u00f3n & asesor\u00eda: Capacitamos flotillas completas para construir con tecnolog\u00eda EWB. En caso de que necesites capacitaci\u00f3n para la realizaci\u00f3n de tu proyecto, dir\u00edgete con nosotros para aclarar temas legales por uso de nuestros procesos patentados. Conoce m\u00e1s sobre: Construcci\u00f3n & dise\u00f1o, Socios tecnol\u00f3gicos, y Energ\u00edas alternas.","breadcrumb":{"@id":"https:\/\/www.ecoworldbuilding.com\/servicios\/#breadcrumb"},"inLanguage":"en-US","potentialAction":[{"@type":"ReadAction","target":["https:\/\/www.ecoworldbuilding.com\/servicios\/"]}]},{"@type":"ImageObject","inLanguage":"en-US","@id":"https:\/\/www.ecoworldbuilding.com\/servicios\/#primaryimage","url":"https:\/\/www.ecoworldbuilding.com\/wp-content\/uploads\/2022\/03\/Aves-001.jpg","contentUrl":"https:\/\/www.ecoworldbuilding.com\/wp-content\/uploads\/2022\/03\/Aves-001.jpg"},{"@type":"BreadcrumbList","@id":"https:\/\/www.ecoworldbuilding.com\/servicios\/#breadcrumb","itemListElement":[{"@type":"ListItem","position":1,"name":"Portada","item":"https:\/\/www.ecoworldbuilding.com\/"},{"@type":"ListItem","position":2,"name":"Servicios"}]},{"@type":"WebSite","@id":"https:\/\/www.ecoworldbuilding.com\/#website","url":"https:\/\/www.ecoworldbuilding.com\/","name":"Eco World Building","description":"Tecnolog\u00eda Sustentable","publisher":{"@id":"https:\/\/www.ecoworldbuilding.com\/#organization"},"potentialAction":[{"@type":"SearchAction","target":{"@type":"EntryPoint","urlTemplate":"https:\/\/www.ecoworldbuilding.com\/?s={search_term_string}"},"query-input":{"@type":"PropertyValueSpecification","valueRequired":true,"valueName":"search_term_string"}}],"inLanguage":"en-US"},{"@type":"Organization","@id":"https:\/\/www.ecoworldbuilding.com\/#organization","name":"Eco World Building","url":"https:\/\/www.ecoworldbuilding.com\/","logo":{"@type":"ImageObject","inLanguage":"en-US","@id":"https:\/\/www.ecoworldbuilding.com\/#\/schema\/logo\/image\/","url":"https:\/\/www.ecoworldbuilding.com\/wp-content\/uploads\/2022\/04\/FORMATO-REDES-SOCIALES-EWB-01.png","contentUrl":"https:\/\/www.ecoworldbuilding.com\/wp-content\/uploads\/2022\/04\/FORMATO-REDES-SOCIALES-EWB-01.png","width":3125,"height":3125,"caption":"Eco World Building"},"image":{"@id":"https:\/\/www.ecoworldbuilding.com\/#\/schema\/logo\/image\/"},"sameAs":["https:\/\/www.facebook.com\/EcoWorldBuildingMX","https:\/\/www.instagram.com\/ecoworldbuilding.mx\/"]}]}},"uagb_featured_image_src":{"full":false,"thumbnail":false,"medium":false,"medium_large":false,"large":false,"1536x1536":false,"2048x2048":false,"trp-custom-language-flag":false},"uagb_author_info":{"display_name":"javierwp","author_link":"https:\/\/www.ecoworldbuilding.com\/en\/author\/javierwp\/"},"uagb_comment_info":0,"uagb_excerpt":"Construcci\u00f3n &amp; dise\u00f1o Nuestro equipo de construcci\u00f3n te acompa\u00f1ar\u00e1 durante todo el proceso de tu proyecto, ya sea residencial o comercial. Podemos desarrollar proyectos unitarios o de urbanizaci\u00f3n. Adem\u00e1s, contamos con un equipo de arquitectos que te ayudar\u00e1n a dise\u00f1ar tu proyecto. Si deseas iniciar un proyecto con nosotros, o tan solo te interesan nuestros&hellip;","_links":{"self":[{"href":"https:\/\/www.ecoworldbuilding.com\/en\/wp-json\/wp\/v2\/pages\/219","targetHints":{"allow":["GET"]}}],"collection":[{"href":"https:\/\/www.ecoworldbuilding.com\/en\/wp-json\/wp\/v2\/pages"}],"about":[{"href":"https:\/\/www.ecoworldbuilding.com\/en\/wp-json\/wp\/v2\/types\/page"}],"author":[{"embeddable":true,"href":"https:\/\/www.ecoworldbuilding.com\/en\/wp-json\/wp\/v2\/users\/1"}],"replies":[{"embeddable":true,"href":"https:\/\/www.ecoworldbuilding.com\/en\/wp-json\/wp\/v2\/comments?post=219"}],"version-history":[{"count":58,"href":"https:\/\/www.ecoworldbuilding.com\/en\/wp-json\/wp\/v2\/pages\/219\/revisions"}],"predecessor-version":[{"id":1049,"href":"https:\/\/www.ecoworldbuilding.com\/en\/wp-json\/wp\/v2\/pages\/219\/revisions\/1049"}],"wp:attachment":[{"href":"https:\/\/www.ecoworldbuilding.com\/en\/wp-json\/wp\/v2\/media?parent=219"}],"curies":[{"name":"wp","href":"https:\/\/api.w.org\/{rel}","templated":true}]}}