{"id":220,"date":"2020-05-12T03:43:05","date_gmt":"2020-05-12T08:43:05","guid":{"rendered":"https:\/\/www.ecoworldbuilding.com\/contact\/"},"modified":"2022-12-01T14:54:20","modified_gmt":"2022-12-01T20:54:20","slug":"contacto","status":"publish","type":"page","link":"https:\/\/www.ecoworldbuilding.com\/en\/contacto\/","title":{"rendered":"Contact us"},"content":{"rendered":"<div class=\"wp-block-cover alignfull is-light has-parallax\" style=\"background-image:url(https:\/\/www.ecoworldbuilding.com\/wp-content\/uploads\/2022\/03\/pared-scaled.jpg);min-height:380px;aspect-ratio:unset;\"><span aria-hidden=\"true\" class=\"wp-block-cover__gradient-background has-background-dim\" style=\"background-color:#003e61\"><\/span><div class=\"wp-block-cover__inner-container is-layout-flow wp-block-cover-is-layout-flow\">\n<h1 class=\"has-text-align-center has-white-color has-text-color wp-block-heading\">Contact us<\/h1>\n<\/div><\/div>\n\n\n\n<div class=\"inherit-container-width wp-block-group alignfull has-ast-global-color-5-background-color has-background is-layout-constrained wp-block-group-is-layout-constrained\"><div class=\"wp-block-group__inner-container\">\n<div class=\"wp-block-columns is-layout-flex wp-container-core-columns-is-layout-28f84493 wp-block-columns-is-layout-flex\">\n<div class=\"wp-block-column is-layout-flow wp-block-column-is-layout-flow\">\n<h2 class=\"wp-block-heading\" style=\"text-transform:capitalize\">Get in touch<\/h2>\n\n\n\n<h4 class=\"wp-block-heading\" style=\"text-transform:capitalize\"><strong>Phone number<\/strong><\/h4>\n\n\n\n<p>Oficina (81) 8313-8337 ext. 140<br><\/p>\n\n\n\n<h4 class=\"wp-block-heading\" style=\"text-transform:capitalize\"><strong>mail<\/strong><\/h4>\n\n\n\n<p>jasalazar@prodeco.online<\/p>\n\n\n\n<h4 class=\"wp-block-heading\" style=\"text-transform:capitalize\"><strong>work schedules<\/strong><\/h4>\n\n\n\n<p>Lunes \u2014 Viernes 9\u202fam \u2013 5\u202fpm<br><\/p>\n\n\n\n<div class=\"wp-block-buttons is-layout-flex wp-block-buttons-is-layout-flex\">\n<div class=\"wp-block-button\"><a class=\"wp-block-button__link has-white-color has-text-color\" href=\"https:\/\/www.google.com\/maps\/dir\/\/Eco+World+Building+Calle+Ant.+Camp.+A+Apodaco+s%2Fn+66490+San+Nicol%C3%A1s+de+los+Garza,+N.L.\/@25.7298771,-100.2565833,18z\/data=!4m8!4m7!1m0!1m5!1m1!1s0x8662eb2bbb5d436d:0x46a9f4dd3eaa73c5!2m2!1d-100.2565831!2d25.7298893\" target=\"_blank\" rel=\"noreferrer noopener\">how to get there<\/a><\/div>\n<\/div>\n<\/div>\n\n\n\n<div class=\"wp-block-column is-layout-flow wp-block-column-is-layout-flow\" style=\"flex-basis:700px\">\n<h2 class=\"wp-block-heading\" style=\"text-transform:capitalize\">Location<\/h2>\n\n\n\n<p>Ant. Carretera a Roma km 3.6, Lagrange, 66499 San Nicol\u00e1s de los Garza, N.L.<br>*Nuestras oficinas est\u00e1n dentro del parque industrial KAM (sobre Av. Adolfo L\u00f3pez Mateos).<\/p>\n\n\n\t\t\t<div \n\t\t\tclass=\"wp-block-uagb-google-map uagb-google-map__wrap uagb-block-30fd6ebe\"\n\t\t\tstyle=\"\" >\n\t\t\t\t<embed\n\t\t\t\t\tclass=\"uagb-google-map__iframe\"\n\t\t\t\t\ttitle=\"Google Map for \"\n\t\t\t\t\tsrc=\"https:\/\/maps.google.com\/maps?q=eco%20world%20building&#038;z=18&#038;hl=es&#038;t=m&#038;output=embed&#038;iwloc=near\"\n\t\t\t\t\twidth=\"640\"\n\t\t\t\t\theight=\"300\"\n\t\t\t\t\tloading=\"lazy\"\n\t\t\t\t><\/embed>\n\t\t\t<\/div>\n\t\t\t<\/div>\n<\/div>\n<\/div><\/div>","protected":false},"excerpt":{"rendered":"<p>Ponte en contacto tel\u00e9fono Oficina (81) 8313-8337 ext. 140 correo jasalazar@prodeco.online horarios Lunes \u2014 Viernes 9\u202fam \u2013 5\u202fpm ubicaci\u00f3n Ant. Carretera a Roma km 3.6, Lagrange, 66499 San Nicol\u00e1s de los Garza, N.L.*Nuestras oficinas est\u00e1n dentro del parque industrial KAM (sobre Av. Adolfo L\u00f3pez Mateos).<\/p>","protected":false},"author":1,"featured_media":0,"parent":0,"menu_order":0,"comment_status":"closed","ping_status":"closed","template":"","meta":{"_uag_custom_page_level_css":"","site-sidebar-layout":"no-sidebar","site-content-layout":"plain-container","ast-site-content-layout":"default","site-content-style":"default","site-sidebar-style":"default","ast-global-header-display":"","ast-banner-title-visibility":"","ast-main-header-display":"","ast-hfb-above-header-display":"","ast-hfb-below-header-display":"","ast-hfb-mobile-header-display":"","site-post-title":"disabled","ast-breadcrumbs-content":"","ast-featured-img":"","footer-sml-layout":"","ast-disable-related-posts":"","theme-transparent-header-meta":"enabled","adv-header-id-meta":"","stick-header-meta":"","header-above-stick-meta":"","header-main-stick-meta":"","header-below-stick-meta":"","astra-migrate-meta-layouts":"default","ast-page-background-enabled":"default","ast-page-background-meta":{"desktop":{"background-color":"","background-image":"","background-repeat":"repeat","background-position":"center center","background-size":"auto","background-attachment":"scroll","background-type":"","background-media":"","overlay-type":"","overlay-color":"","overlay-opacity":"","overlay-gradient":""},"tablet":{"background-color":"","background-image":"","background-repeat":"repeat","background-position":"center center","background-size":"auto","background-attachment":"scroll","background-type":"","background-media":"","overlay-type":"","overlay-color":"","overlay-opacity":"","overlay-gradient":""},"mobile":{"background-color":"","background-image":"","background-repeat":"repeat","background-position":"center center","background-size":"auto","background-attachment":"scroll","background-type":"","background-media":"","overlay-type":"","overlay-color":"","overlay-opacity":"","overlay-gradient":""}},"ast-content-background-meta":{"desktop":{"background-color":"var(--ast-global-color-5)","background-image":"","background-repeat":"repeat","background-position":"center center","background-size":"auto","background-attachment":"scroll","background-type":"","background-media":"","overlay-type":"","overlay-color":"","overlay-opacity":"","overlay-gradient":""},"tablet":{"background-color":"var(--ast-global-color-5)","background-image":"","background-repeat":"repeat","background-position":"center center","background-size":"auto","background-attachment":"scroll","background-type":"","background-media":"","overlay-type":"","overlay-color":"","overlay-opacity":"","overlay-gradient":""},"mobile":{"background-color":"var(--ast-global-color-5)","background-image":"","background-repeat":"repeat","background-position":"center center","background-size":"auto","background-attachment":"scroll","background-type":"","background-media":"","overlay-type":"","overlay-color":"","overlay-opacity":"","overlay-gradient":""}},"footnotes":""},"class_list":["post-220","page","type-page","status-publish","hentry"],"yoast_head":"<!-- This site is optimized with the Yoast SEO plugin v27.4 - https:\/\/yoast.com\/product\/yoast-seo-wordpress\/ -->\n<title>Contacto | Eco World Building<\/title>\n<meta name=\"description\" content=\"Telefono Oficina: (81) 8313-8337. Correo: jasalazar@prodeco.online Horario: Lunes a viernes 9\u202fam a 5\u202fpm. Como llegar.\" \/>\n<meta name=\"robots\" content=\"index, follow, max-snippet:-1, max-image-preview:large, max-video-preview:-1\" \/>\n<link rel=\"canonical\" href=\"https:\/\/www.ecoworldbuilding.com\/en\/contacto\/\" \/>\n<meta property=\"og:locale\" content=\"en_US\" \/>\n<meta property=\"og:type\" content=\"article\" \/>\n<meta property=\"og:title\" content=\"Contacto | Eco World Building\" \/>\n<meta property=\"og:description\" content=\"Telefono Oficina: (81) 8313-8337. Correo: jasalazar@prodeco.online Horario: Lunes a viernes 9\u202fam a 5\u202fpm. Como llegar.\" \/>\n<meta property=\"og:url\" content=\"https:\/\/www.ecoworldbuilding.com\/en\/contacto\/\" \/>\n<meta property=\"og:site_name\" content=\"Eco World Building\" \/>\n<meta property=\"article:publisher\" content=\"https:\/\/www.facebook.com\/EcoWorldBuildingMX\" \/>\n<meta property=\"article:modified_time\" content=\"2022-12-01T20:54:20+00:00\" \/>\n<meta name=\"twitter:card\" content=\"summary_large_image\" \/>\n<meta name=\"twitter:label1\" content=\"Est. reading time\" \/>\n\t<meta name=\"twitter:data1\" content=\"1 minute\" \/>\n<script type=\"application\/ld+json\" class=\"yoast-schema-graph\">{\"@context\":\"https:\\\/\\\/schema.org\",\"@graph\":[{\"@type\":\"WebPage\",\"@id\":\"https:\\\/\\\/www.ecoworldbuilding.com\\\/contacto\\\/\",\"url\":\"https:\\\/\\\/www.ecoworldbuilding.com\\\/contacto\\\/\",\"name\":\"Contacto | Eco World Building\",\"isPartOf\":{\"@id\":\"https:\\\/\\\/www.ecoworldbuilding.com\\\/#website\"},\"datePublished\":\"2020-05-12T08:43:05+00:00\",\"dateModified\":\"2022-12-01T20:54:20+00:00\",\"description\":\"Telefono Oficina: (81) 8313-8337. Correo: jasalazar@prodeco.online Horario: Lunes a viernes 9\u202fam a 5\u202fpm. Como llegar.\",\"breadcrumb\":{\"@id\":\"https:\\\/\\\/www.ecoworldbuilding.com\\\/contacto\\\/#breadcrumb\"},\"inLanguage\":\"en-US\",\"potentialAction\":[{\"@type\":\"ReadAction\",\"target\":[\"https:\\\/\\\/www.ecoworldbuilding.com\\\/contacto\\\/\"]}]},{\"@type\":\"BreadcrumbList\",\"@id\":\"https:\\\/\\\/www.ecoworldbuilding.com\\\/contacto\\\/#breadcrumb\",\"itemListElement\":[{\"@type\":\"ListItem\",\"position\":1,\"name\":\"Portada\",\"item\":\"https:\\\/\\\/www.ecoworldbuilding.com\\\/\"},{\"@type\":\"ListItem\",\"position\":2,\"name\":\"Contacto\"}]},{\"@type\":\"WebSite\",\"@id\":\"https:\\\/\\\/www.ecoworldbuilding.com\\\/#website\",\"url\":\"https:\\\/\\\/www.ecoworldbuilding.com\\\/\",\"name\":\"Eco World Building\",\"description\":\"Tecnolog\u00eda Sustentable\",\"publisher\":{\"@id\":\"https:\\\/\\\/www.ecoworldbuilding.com\\\/#organization\"},\"potentialAction\":[{\"@type\":\"SearchAction\",\"target\":{\"@type\":\"EntryPoint\",\"urlTemplate\":\"https:\\\/\\\/www.ecoworldbuilding.com\\\/?s={search_term_string}\"},\"query-input\":{\"@type\":\"PropertyValueSpecification\",\"valueRequired\":true,\"valueName\":\"search_term_string\"}}],\"inLanguage\":\"en-US\"},{\"@type\":\"Organization\",\"@id\":\"https:\\\/\\\/www.ecoworldbuilding.com\\\/#organization\",\"name\":\"Eco World Building\",\"url\":\"https:\\\/\\\/www.ecoworldbuilding.com\\\/\",\"logo\":{\"@type\":\"ImageObject\",\"inLanguage\":\"en-US\",\"@id\":\"https:\\\/\\\/www.ecoworldbuilding.com\\\/#\\\/schema\\\/logo\\\/image\\\/\",\"url\":\"https:\\\/\\\/www.ecoworldbuilding.com\\\/wp-content\\\/uploads\\\/2022\\\/04\\\/FORMATO-REDES-SOCIALES-EWB-01.png\",\"contentUrl\":\"https:\\\/\\\/www.ecoworldbuilding.com\\\/wp-content\\\/uploads\\\/2022\\\/04\\\/FORMATO-REDES-SOCIALES-EWB-01.png\",\"width\":3125,\"height\":3125,\"caption\":\"Eco World Building\"},\"image\":{\"@id\":\"https:\\\/\\\/www.ecoworldbuilding.com\\\/#\\\/schema\\\/logo\\\/image\\\/\"},\"sameAs\":[\"https:\\\/\\\/www.facebook.com\\\/EcoWorldBuildingMX\",\"https:\\\/\\\/www.instagram.com\\\/ecoworldbuilding.mx\\\/\"]}]}<\/script>\n<!-- \/ Yoast SEO plugin. -->","yoast_head_json":{"title":"Contacto | Eco World Building","description":"Telefono Oficina: (81) 8313-8337. Correo: jasalazar@prodeco.online Horario: Lunes a viernes 9\u202fam a 5\u202fpm. Como llegar.","robots":{"index":"index","follow":"follow","max-snippet":"max-snippet:-1","max-image-preview":"max-image-preview:large","max-video-preview":"max-video-preview:-1"},"canonical":"https:\/\/www.ecoworldbuilding.com\/en\/contacto\/","og_locale":"en_US","og_type":"article","og_title":"Contacto | Eco World Building","og_description":"Telefono Oficina: (81) 8313-8337. Correo: jasalazar@prodeco.online Horario: Lunes a viernes 9\u202fam a 5\u202fpm. Como llegar.","og_url":"https:\/\/www.ecoworldbuilding.com\/en\/contacto\/","og_site_name":"Eco World Building","article_publisher":"https:\/\/www.facebook.com\/EcoWorldBuildingMX","article_modified_time":"2022-12-01T20:54:20+00:00","twitter_card":"summary_large_image","twitter_misc":{"Est. reading time":"1 minute"},"schema":{"@context":"https:\/\/schema.org","@graph":[{"@type":"WebPage","@id":"https:\/\/www.ecoworldbuilding.com\/contacto\/","url":"https:\/\/www.ecoworldbuilding.com\/contacto\/","name":"Contacto | Eco World Building","isPartOf":{"@id":"https:\/\/www.ecoworldbuilding.com\/#website"},"datePublished":"2020-05-12T08:43:05+00:00","dateModified":"2022-12-01T20:54:20+00:00","description":"Telefono Oficina: (81) 8313-8337. Correo: jasalazar@prodeco.online Horario: Lunes a viernes 9\u202fam a 5\u202fpm. Como llegar.","breadcrumb":{"@id":"https:\/\/www.ecoworldbuilding.com\/contacto\/#breadcrumb"},"inLanguage":"en-US","potentialAction":[{"@type":"ReadAction","target":["https:\/\/www.ecoworldbuilding.com\/contacto\/"]}]},{"@type":"BreadcrumbList","@id":"https:\/\/www.ecoworldbuilding.com\/contacto\/#breadcrumb","itemListElement":[{"@type":"ListItem","position":1,"name":"Portada","item":"https:\/\/www.ecoworldbuilding.com\/"},{"@type":"ListItem","position":2,"name":"Contacto"}]},{"@type":"WebSite","@id":"https:\/\/www.ecoworldbuilding.com\/#website","url":"https:\/\/www.ecoworldbuilding.com\/","name":"Eco World Building","description":"Tecnolog\u00eda Sustentable","publisher":{"@id":"https:\/\/www.ecoworldbuilding.com\/#organization"},"potentialAction":[{"@type":"SearchAction","target":{"@type":"EntryPoint","urlTemplate":"https:\/\/www.ecoworldbuilding.com\/?s={search_term_string}"},"query-input":{"@type":"PropertyValueSpecification","valueRequired":true,"valueName":"search_term_string"}}],"inLanguage":"en-US"},{"@type":"Organization","@id":"https:\/\/www.ecoworldbuilding.com\/#organization","name":"Eco World Building","url":"https:\/\/www.ecoworldbuilding.com\/","logo":{"@type":"ImageObject","inLanguage":"en-US","@id":"https:\/\/www.ecoworldbuilding.com\/#\/schema\/logo\/image\/","url":"https:\/\/www.ecoworldbuilding.com\/wp-content\/uploads\/2022\/04\/FORMATO-REDES-SOCIALES-EWB-01.png","contentUrl":"https:\/\/www.ecoworldbuilding.com\/wp-content\/uploads\/2022\/04\/FORMATO-REDES-SOCIALES-EWB-01.png","width":3125,"height":3125,"caption":"Eco World Building"},"image":{"@id":"https:\/\/www.ecoworldbuilding.com\/#\/schema\/logo\/image\/"},"sameAs":["https:\/\/www.facebook.com\/EcoWorldBuildingMX","https:\/\/www.instagram.com\/ecoworldbuilding.mx\/"]}]}},"uagb_featured_image_src":{"full":false,"thumbnail":false,"medium":false,"medium_large":false,"large":false,"1536x1536":false,"2048x2048":false,"trp-custom-language-flag":false},"uagb_author_info":{"display_name":"javierwp","author_link":"https:\/\/www.ecoworldbuilding.com\/en\/author\/javierwp\/"},"uagb_comment_info":0,"uagb_excerpt":"Ponte en contacto tel\u00e9fono Oficina (81) 8313-8337 ext. 140 correo jasalazar@prodeco.online horarios Lunes \u2014 Viernes 9\u202fam \u2013 5\u202fpm ubicaci\u00f3n Ant. Carretera a Roma km 3.6, Lagrange, 66499 San Nicol\u00e1s de los Garza, N.L.*Nuestras oficinas est\u00e1n dentro del parque industrial KAM (sobre Av. Adolfo L\u00f3pez Mateos).","_links":{"self":[{"href":"https:\/\/www.ecoworldbuilding.com\/en\/wp-json\/wp\/v2\/pages\/220","targetHints":{"allow":["GET"]}}],"collection":[{"href":"https:\/\/www.ecoworldbuilding.com\/en\/wp-json\/wp\/v2\/pages"}],"about":[{"href":"https:\/\/www.ecoworldbuilding.com\/en\/wp-json\/wp\/v2\/types\/page"}],"author":[{"embeddable":true,"href":"https:\/\/www.ecoworldbuilding.com\/en\/wp-json\/wp\/v2\/users\/1"}],"replies":[{"embeddable":true,"href":"https:\/\/www.ecoworldbuilding.com\/en\/wp-json\/wp\/v2\/comments?post=220"}],"version-history":[{"count":28,"href":"https:\/\/www.ecoworldbuilding.com\/en\/wp-json\/wp\/v2\/pages\/220\/revisions"}],"predecessor-version":[{"id":1061,"href":"https:\/\/www.ecoworldbuilding.com\/en\/wp-json\/wp\/v2\/pages\/220\/revisions\/1061"}],"wp:attachment":[{"href":"https:\/\/www.ecoworldbuilding.com\/en\/wp-json\/wp\/v2\/media?parent=220"}],"curies":[{"name":"wp","href":"https:\/\/api.w.org\/{rel}","templated":true}]}}