{"id":960,"date":"2022-03-31T12:04:58","date_gmt":"2022-03-31T18:04:58","guid":{"rendered":"https:\/\/www.ecoworldbuilding.com\/?page_id=960"},"modified":"2022-03-31T12:34:46","modified_gmt":"2022-03-31T18:34:46","slug":"muro-ewb","status":"publish","type":"page","link":"https:\/\/www.ecoworldbuilding.com\/en\/muro-ewb\/","title":{"rendered":"Muro EWB"},"content":{"rendered":"<div class=\"wp-block-cover alignfull is-light has-parallax\" style=\"background-image:url(https:\/\/www.ecoworldbuilding.com\/wp-content\/uploads\/2022\/03\/pared2-scaled.jpg);min-height:380px;aspect-ratio:unset;\"><span aria-hidden=\"true\" class=\"wp-block-cover__gradient-background has-background-dim\" style=\"background-color:#003e61\"><\/span><div class=\"wp-block-cover__inner-container is-layout-flow wp-block-cover-is-layout-flow\">\n<h1 class=\"has-text-align-center has-white-color has-text-color wp-block-heading\">EWB Walls<\/h1>\n<\/div><\/div>\n\n\n\n<div class=\"inherit-container-width wp-block-group is-layout-constrained wp-block-group-is-layout-constrained\"><div class=\"wp-block-group__inner-container\">\n<p>When a construction project is carried out, the amount of concrete used is a key factor in the impact we cause to the environment. In addition, in many occasions, we limit ourselves in its use for economic reasons. When we want to make thicker walls than conventional ones, we not only spend more money for the amount of material we need, but also the impact we have against nature is greater. Even it is difficult to go to alternative materials, because we hardly find any that improves the price of cement and offers us the same resistance. However, we have managed to create ecological walls of 61 cm thick much more resistant than one of concrete, which uses 60% less cement, and offers better thermal qualities.<\/p>\n<\/div><\/div>\n\n\n\n<div class=\"inherit-container-width wp-block-group alignfull has-ast-global-color-4-background-color has-background is-layout-constrained wp-block-group-is-layout-constrained\"><div class=\"wp-block-group__inner-container\">\n<div class=\"wp-block-columns is-layout-flex wp-container-core-columns-is-layout-28f84493 wp-block-columns-is-layout-flex\">\n<div class=\"wp-block-column is-layout-flow wp-block-column-is-layout-flow\">\n<h2 class=\"wp-block-heading\">THE BEGINNING<\/h2>\n<\/div>\n\n\n\n<div class=\"wp-block-column is-layout-flow wp-block-column-is-layout-flow\">\n<p>The idea began in 2006, when it was planned to reduce costs in construction materials, designing a wall capable of supporting a concrete slab. Inspired by ICF technology, a wall with thin layers of concrete was developed in conjunction with polystyrene. This significantly reduced housing costs, and offered unique thermal properties that insulated the interior of the high-temperature construction. However, polystyrene continued to represent a negative impact on the environment, due to its manufacturing process.<\/p>\n<\/div>\n<\/div>\n<\/div><\/div>\n\n\n\n<div class=\"inherit-container-width wp-block-group is-layout-constrained wp-block-group-is-layout-constrained\"><div class=\"wp-block-group__inner-container\">\n<div class=\"wp-block-columns is-layout-flex wp-container-core-columns-is-layout-28f84493 wp-block-columns-is-layout-flex\">\n<div class=\"wp-block-column is-layout-flow wp-block-column-is-layout-flow\">\n<h2 class=\"wp-block-heading\">First prototype of encapsulation<\/h2>\n<\/div>\n\n\n\n<div class=\"wp-block-column is-layout-flow wp-block-column-is-layout-flow\">\n<p>Then a construction method was developed that encapsulated straw inside a mold, which was sealed with concrete. This new method required a lot of ingenuity to achieve the desired product. The walls were submitted to different ballistic and thermal tests, yielding results that exceeded our expectations. It was possible to totally isolate one side of the wall, still subjecting its exterior to temperatures above, 1000\u00baC. In addition, when measuring the interior temperature of a building, it showed 16\u00baC less than the outside (when the outside heat was 39\u00baC).<\/p>\n<\/div>\n<\/div>\n<\/div><\/div>\n\n\n\n<div class=\"inherit-container-width wp-block-group alignfull has-ast-global-color-4-background-color has-background is-layout-constrained wp-block-group-is-layout-constrained\"><div class=\"wp-block-group__inner-container\">\n<div class=\"wp-block-columns is-layout-flex wp-container-core-columns-is-layout-28f84493 wp-block-columns-is-layout-flex\">\n<div class=\"wp-block-column is-layout-flow wp-block-column-is-layout-flow\">\n<h2 class=\"wp-block-heading\">Final technology<\/h2>\n<\/div>\n\n\n\n<div class=\"wp-block-column is-layout-flow wp-block-column-is-layout-flow\">\n<p>When we thought that we had achieved the best construction system, the idea arose to encapsulate completely raw earth inside the molds. This required a more sophisticated and resistant design of molds, which would have to be practical and portable for their transportation. After almost ten years of work, it was possible to create a revolutionary method to build walls that encapsulate raw earth inside; the same earth that is in the land where it is built. Thanks to this, more than 60% of the use of cement for the construction was reduced, offering much more resistant walls than the conventional ones, offering very high thermal insulation and security. The best thing is that no foundation is required to lift each of these \"blocks\".<\/p>\n<\/div>\n<\/div>\n<\/div><\/div>\n\n\n\n<div class=\"inherit-container-width wp-block-group is-layout-constrained wp-block-group-is-layout-constrained\"><div class=\"wp-block-group__inner-container\">\n<p class=\"has-text-align-center\">Building with this sustainable technology is inexpensive, since in addition to saving material costs, EWB offers a 10-year construction warranty. Our walls are just one element of a technology that integrates the best in sustainability in one place, and are currently patented for the exclusive use of Eco World Building\u00ae. If you want to start a residential or office project with our technology, contact us at info@ecoworldbuilding.com&nbsp;<\/p>\n<\/div><\/div>\n\n\n\n<div class=\"inherit-container-width wp-block-group is-layout-constrained wp-block-group-is-layout-constrained\"><div class=\"wp-block-group__inner-container\">\n<div class=\"wp-block-buttons is-content-justification-center is-layout-flex wp-container-core-buttons-is-layout-a89b3969 wp-block-buttons-is-layout-flex\">\n<div class=\"wp-block-button\"><a class=\"wp-block-button__link has-white-color has-text-color\">Contact us<\/a><\/div>\n<\/div>\n<\/div><\/div>","protected":false},"excerpt":{"rendered":"<p>Cuando se realiza un proyecto de construcci\u00f3n, la cantidad de cemento utilizado es un factor clave en el impacto que&nbsp;provocamos al medio ambiente. Adem\u00e1s, en muchas ocasiones, nos limitamos en su uso por cuestiones econ\u00f3micas. Cuando deseamos hacer muros de mayor grosor que los convencionales, no solo gastamos m\u00e1s dinero por la cantidad de material [&hellip;]<\/p>\n","protected":false},"author":1,"featured_media":0,"parent":0,"menu_order":0,"comment_status":"closed","ping_status":"closed","template":"","meta":{"_uag_custom_page_level_css":"","site-sidebar-layout":"no-sidebar","site-content-layout":"plain-container","ast-site-content-layout":"default","site-content-style":"default","site-sidebar-style":"default","ast-global-header-display":"","ast-banner-title-visibility":"","ast-main-header-display":"","ast-hfb-above-header-display":"","ast-hfb-below-header-display":"","ast-hfb-mobile-header-display":"","site-post-title":"disabled","ast-breadcrumbs-content":"","ast-featured-img":"disabled","footer-sml-layout":"","ast-disable-related-posts":"","theme-transparent-header-meta":"enabled","adv-header-id-meta":"","stick-header-meta":"","header-above-stick-meta":"","header-main-stick-meta":"","header-below-stick-meta":"","astra-migrate-meta-layouts":"default","ast-page-background-enabled":"default","ast-page-background-meta":{"desktop":{"background-color":"","background-image":"","background-repeat":"repeat","background-position":"center center","background-size":"auto","background-attachment":"scroll","background-type":"","background-media":"","overlay-type":"","overlay-color":"","overlay-opacity":"","overlay-gradient":""},"tablet":{"background-color":"","background-image":"","background-repeat":"repeat","background-position":"center center","background-size":"auto","background-attachment":"scroll","background-type":"","background-media":"","overlay-type":"","overlay-color":"","overlay-opacity":"","overlay-gradient":""},"mobile":{"background-color":"","background-image":"","background-repeat":"repeat","background-position":"center center","background-size":"auto","background-attachment":"scroll","background-type":"","background-media":"","overlay-type":"","overlay-color":"","overlay-opacity":"","overlay-gradient":""}},"ast-content-background-meta":{"desktop":{"background-color":"var(--ast-global-color-5)","background-image":"","background-repeat":"repeat","background-position":"center center","background-size":"auto","background-attachment":"scroll","background-type":"","background-media":"","overlay-type":"","overlay-color":"","overlay-opacity":"","overlay-gradient":""},"tablet":{"background-color":"var(--ast-global-color-5)","background-image":"","background-repeat":"repeat","background-position":"center center","background-size":"auto","background-attachment":"scroll","background-type":"","background-media":"","overlay-type":"","overlay-color":"","overlay-opacity":"","overlay-gradient":""},"mobile":{"background-color":"var(--ast-global-color-5)","background-image":"","background-repeat":"repeat","background-position":"center center","background-size":"auto","background-attachment":"scroll","background-type":"","background-media":"","overlay-type":"","overlay-color":"","overlay-opacity":"","overlay-gradient":""}},"footnotes":""},"class_list":["post-960","page","type-page","status-publish","hentry"],"yoast_head":"<!-- This site is optimized with the Yoast SEO plugin v27.4 - https:\/\/yoast.com\/product\/yoast-seo-wordpress\/ -->\n<title>Muro EWB | Eco World Building<\/title>\n<meta name=\"robots\" content=\"index, follow, max-snippet:-1, max-image-preview:large, max-video-preview:-1\" \/>\n<link rel=\"canonical\" href=\"https:\/\/www.ecoworldbuilding.com\/en\/muro-ewb\/\" \/>\n<meta property=\"og:locale\" content=\"en_US\" \/>\n<meta property=\"og:type\" content=\"article\" \/>\n<meta property=\"og:title\" content=\"Muro EWB | Eco World Building\" \/>\n<meta property=\"og:description\" content=\"Cuando se realiza un proyecto de construcci\u00f3n, la cantidad de cemento utilizado es un factor clave en el impacto que&nbsp;provocamos al medio ambiente. Adem\u00e1s, en muchas ocasiones, nos limitamos en su uso por cuestiones econ\u00f3micas. Cuando deseamos hacer muros de mayor grosor que los convencionales, no solo gastamos m\u00e1s dinero por la cantidad de material [&hellip;]\" \/>\n<meta property=\"og:url\" content=\"https:\/\/www.ecoworldbuilding.com\/en\/muro-ewb\/\" \/>\n<meta property=\"og:site_name\" content=\"Eco World Building\" \/>\n<meta property=\"article:publisher\" content=\"https:\/\/www.facebook.com\/EcoWorldBuildingMX\" \/>\n<meta property=\"article:modified_time\" content=\"2022-03-31T18:34:46+00:00\" \/>\n<meta name=\"twitter:card\" content=\"summary_large_image\" \/>\n<meta name=\"twitter:label1\" content=\"Est. reading time\" \/>\n\t<meta name=\"twitter:data1\" content=\"3 minutes\" \/>\n<script type=\"application\/ld+json\" class=\"yoast-schema-graph\">{\"@context\":\"https:\\\/\\\/schema.org\",\"@graph\":[{\"@type\":\"WebPage\",\"@id\":\"https:\\\/\\\/www.ecoworldbuilding.com\\\/muro-ewb\\\/\",\"url\":\"https:\\\/\\\/www.ecoworldbuilding.com\\\/muro-ewb\\\/\",\"name\":\"Muro EWB | Eco World Building\",\"isPartOf\":{\"@id\":\"https:\\\/\\\/www.ecoworldbuilding.com\\\/#website\"},\"datePublished\":\"2022-03-31T18:04:58+00:00\",\"dateModified\":\"2022-03-31T18:34:46+00:00\",\"breadcrumb\":{\"@id\":\"https:\\\/\\\/www.ecoworldbuilding.com\\\/muro-ewb\\\/#breadcrumb\"},\"inLanguage\":\"en-US\",\"potentialAction\":[{\"@type\":\"ReadAction\",\"target\":[\"https:\\\/\\\/www.ecoworldbuilding.com\\\/muro-ewb\\\/\"]}]},{\"@type\":\"BreadcrumbList\",\"@id\":\"https:\\\/\\\/www.ecoworldbuilding.com\\\/muro-ewb\\\/#breadcrumb\",\"itemListElement\":[{\"@type\":\"ListItem\",\"position\":1,\"name\":\"Portada\",\"item\":\"https:\\\/\\\/www.ecoworldbuilding.com\\\/\"},{\"@type\":\"ListItem\",\"position\":2,\"name\":\"Muro EWB\"}]},{\"@type\":\"WebSite\",\"@id\":\"https:\\\/\\\/www.ecoworldbuilding.com\\\/#website\",\"url\":\"https:\\\/\\\/www.ecoworldbuilding.com\\\/\",\"name\":\"Eco World Building\",\"description\":\"Tecnolog\u00eda Sustentable\",\"publisher\":{\"@id\":\"https:\\\/\\\/www.ecoworldbuilding.com\\\/#organization\"},\"potentialAction\":[{\"@type\":\"SearchAction\",\"target\":{\"@type\":\"EntryPoint\",\"urlTemplate\":\"https:\\\/\\\/www.ecoworldbuilding.com\\\/?s={search_term_string}\"},\"query-input\":{\"@type\":\"PropertyValueSpecification\",\"valueRequired\":true,\"valueName\":\"search_term_string\"}}],\"inLanguage\":\"en-US\"},{\"@type\":\"Organization\",\"@id\":\"https:\\\/\\\/www.ecoworldbuilding.com\\\/#organization\",\"name\":\"Eco World Building\",\"url\":\"https:\\\/\\\/www.ecoworldbuilding.com\\\/\",\"logo\":{\"@type\":\"ImageObject\",\"inLanguage\":\"en-US\",\"@id\":\"https:\\\/\\\/www.ecoworldbuilding.com\\\/#\\\/schema\\\/logo\\\/image\\\/\",\"url\":\"https:\\\/\\\/www.ecoworldbuilding.com\\\/wp-content\\\/uploads\\\/2022\\\/04\\\/FORMATO-REDES-SOCIALES-EWB-01.png\",\"contentUrl\":\"https:\\\/\\\/www.ecoworldbuilding.com\\\/wp-content\\\/uploads\\\/2022\\\/04\\\/FORMATO-REDES-SOCIALES-EWB-01.png\",\"width\":3125,\"height\":3125,\"caption\":\"Eco World Building\"},\"image\":{\"@id\":\"https:\\\/\\\/www.ecoworldbuilding.com\\\/#\\\/schema\\\/logo\\\/image\\\/\"},\"sameAs\":[\"https:\\\/\\\/www.facebook.com\\\/EcoWorldBuildingMX\",\"https:\\\/\\\/www.instagram.com\\\/ecoworldbuilding.mx\\\/\"]}]}<\/script>\n<!-- \/ Yoast SEO plugin. -->","yoast_head_json":{"title":"Muro EWB | Eco World Building","robots":{"index":"index","follow":"follow","max-snippet":"max-snippet:-1","max-image-preview":"max-image-preview:large","max-video-preview":"max-video-preview:-1"},"canonical":"https:\/\/www.ecoworldbuilding.com\/en\/muro-ewb\/","og_locale":"en_US","og_type":"article","og_title":"Muro EWB | Eco World Building","og_description":"Cuando se realiza un proyecto de construcci\u00f3n, la cantidad de cemento utilizado es un factor clave en el impacto que&nbsp;provocamos al medio ambiente. Adem\u00e1s, en muchas ocasiones, nos limitamos en su uso por cuestiones econ\u00f3micas. Cuando deseamos hacer muros de mayor grosor que los convencionales, no solo gastamos m\u00e1s dinero por la cantidad de material [&hellip;]","og_url":"https:\/\/www.ecoworldbuilding.com\/en\/muro-ewb\/","og_site_name":"Eco World Building","article_publisher":"https:\/\/www.facebook.com\/EcoWorldBuildingMX","article_modified_time":"2022-03-31T18:34:46+00:00","twitter_card":"summary_large_image","twitter_misc":{"Est. reading time":"3 minutes"},"schema":{"@context":"https:\/\/schema.org","@graph":[{"@type":"WebPage","@id":"https:\/\/www.ecoworldbuilding.com\/muro-ewb\/","url":"https:\/\/www.ecoworldbuilding.com\/muro-ewb\/","name":"Muro EWB | Eco World Building","isPartOf":{"@id":"https:\/\/www.ecoworldbuilding.com\/#website"},"datePublished":"2022-03-31T18:04:58+00:00","dateModified":"2022-03-31T18:34:46+00:00","breadcrumb":{"@id":"https:\/\/www.ecoworldbuilding.com\/muro-ewb\/#breadcrumb"},"inLanguage":"en-US","potentialAction":[{"@type":"ReadAction","target":["https:\/\/www.ecoworldbuilding.com\/muro-ewb\/"]}]},{"@type":"BreadcrumbList","@id":"https:\/\/www.ecoworldbuilding.com\/muro-ewb\/#breadcrumb","itemListElement":[{"@type":"ListItem","position":1,"name":"Portada","item":"https:\/\/www.ecoworldbuilding.com\/"},{"@type":"ListItem","position":2,"name":"Muro EWB"}]},{"@type":"WebSite","@id":"https:\/\/www.ecoworldbuilding.com\/#website","url":"https:\/\/www.ecoworldbuilding.com\/","name":"Eco World Building","description":"Tecnolog\u00eda Sustentable","publisher":{"@id":"https:\/\/www.ecoworldbuilding.com\/#organization"},"potentialAction":[{"@type":"SearchAction","target":{"@type":"EntryPoint","urlTemplate":"https:\/\/www.ecoworldbuilding.com\/?s={search_term_string}"},"query-input":{"@type":"PropertyValueSpecification","valueRequired":true,"valueName":"search_term_string"}}],"inLanguage":"en-US"},{"@type":"Organization","@id":"https:\/\/www.ecoworldbuilding.com\/#organization","name":"Eco World Building","url":"https:\/\/www.ecoworldbuilding.com\/","logo":{"@type":"ImageObject","inLanguage":"en-US","@id":"https:\/\/www.ecoworldbuilding.com\/#\/schema\/logo\/image\/","url":"https:\/\/www.ecoworldbuilding.com\/wp-content\/uploads\/2022\/04\/FORMATO-REDES-SOCIALES-EWB-01.png","contentUrl":"https:\/\/www.ecoworldbuilding.com\/wp-content\/uploads\/2022\/04\/FORMATO-REDES-SOCIALES-EWB-01.png","width":3125,"height":3125,"caption":"Eco World Building"},"image":{"@id":"https:\/\/www.ecoworldbuilding.com\/#\/schema\/logo\/image\/"},"sameAs":["https:\/\/www.facebook.com\/EcoWorldBuildingMX","https:\/\/www.instagram.com\/ecoworldbuilding.mx\/"]}]}},"uagb_featured_image_src":{"full":false,"thumbnail":false,"medium":false,"medium_large":false,"large":false,"1536x1536":false,"2048x2048":false,"trp-custom-language-flag":false},"uagb_author_info":{"display_name":"javierwp","author_link":"https:\/\/www.ecoworldbuilding.com\/en\/author\/javierwp\/"},"uagb_comment_info":0,"uagb_excerpt":"Cuando se realiza un proyecto de construcci\u00f3n, la cantidad de cemento utilizado es un factor clave en el impacto que&nbsp;provocamos al medio ambiente. Adem\u00e1s, en muchas ocasiones, nos limitamos en su uso por cuestiones econ\u00f3micas. Cuando deseamos hacer muros de mayor grosor que los convencionales, no solo gastamos m\u00e1s dinero por la cantidad de material&hellip;","_links":{"self":[{"href":"https:\/\/www.ecoworldbuilding.com\/en\/wp-json\/wp\/v2\/pages\/960","targetHints":{"allow":["GET"]}}],"collection":[{"href":"https:\/\/www.ecoworldbuilding.com\/en\/wp-json\/wp\/v2\/pages"}],"about":[{"href":"https:\/\/www.ecoworldbuilding.com\/en\/wp-json\/wp\/v2\/types\/page"}],"author":[{"embeddable":true,"href":"https:\/\/www.ecoworldbuilding.com\/en\/wp-json\/wp\/v2\/users\/1"}],"replies":[{"embeddable":true,"href":"https:\/\/www.ecoworldbuilding.com\/en\/wp-json\/wp\/v2\/comments?post=960"}],"version-history":[{"count":20,"href":"https:\/\/www.ecoworldbuilding.com\/en\/wp-json\/wp\/v2\/pages\/960\/revisions"}],"predecessor-version":[{"id":1099,"href":"https:\/\/www.ecoworldbuilding.com\/en\/wp-json\/wp\/v2\/pages\/960\/revisions\/1099"}],"wp:attachment":[{"href":"https:\/\/www.ecoworldbuilding.com\/en\/wp-json\/wp\/v2\/media?parent=960"}],"curies":[{"name":"wp","href":"https:\/\/api.w.org\/{rel}","templated":true}]}}